{"id":1017,"date":"2022-06-25T13:33:49","date_gmt":"2022-06-25T11:33:49","guid":{"rendered":"http:\/\/information-crise-sanitaire.ricod.net\/?page_id=1017"},"modified":"2022-11-21T15:11:53","modified_gmt":"2022-11-21T14:11:53","slug":"methodologie","status":"publish","type":"page","link":"http:\/\/information-crise-sanitaire.ricod.net\/index.php\/methodologie\/","title":{"rendered":"M\u00e9thodologie"},"content":{"rendered":"\n<h2 class=\"has-text-color has-large-font-size\" style=\"color:#02037d;text-transform:uppercase\"><strong>M\u00e9thodologie<\/strong><\/h2>\n\n\n\n<p>La m\u00e9thodologie d\u2019enqu\u00eate s\u2019appuie sur une exploration assez large des v\u00e9cus des citoyens face \u00e0 la crise sanitaire et, de ces effets selon les modalit\u00e9s de communication en sant\u00e9 \u00e0 destination des publics. <\/p>\n\n\n\n<p>La recherche s\u2019est principalement focalis\u00e9e sur un public jeune qui a \u00e9t\u00e9 particuli\u00e8rement cibl\u00e9 par les campagnes de pr\u00e9vention, sans exclure une comparaison avec un groupe plus \u00e2g\u00e9 en travaillant sur un \u00e9chantillon restreint afin d\u2019\u00e9prouver nos hypoth\u00e8ses.<\/p>\n\n\n\n<p>Les m\u00e9thodes utilis\u00e9es sont mixtes et compl\u00e9mentaires : <\/p>\n\n\n\n<ul><li>Un questionnaire avec des questions ouvertes permettant de recueillir des verbatims. <\/li><li>Des ateliers de co-design ont \u00e9t\u00e9 men\u00e9s aupr\u00e8s de participants volontaires afin de concevoir par eux-m\u00eames des outils de communication.<\/li><\/ul>\n\n\n\n<p>Dans un premier temps, un questionnaire a \u00e9t\u00e9 diffus\u00e9 pour recueillir les v\u00e9cus des citoyens sur la crise COVID (77 r\u00e9pondants). Le questionnaire a \u00e9t\u00e9 diffus\u00e9 largement, mais un travail a \u00e9t\u00e9 effectu\u00e9e aupr\u00e8s d\u2019un \u00e9chantillon plus restreint d\u2019\u00e9tudiants en communication, d\u2019enseignants chercheurs et de leurs proches. Un large panel de questions ont \u00e9t\u00e9 propos\u00e9es&nbsp;avec des questions ouvertes permettant de recueillir des verbatims des participants.<\/p>\n\n\n\n<p>Dans un second temps \u00e0 partir de ces premiers r\u00e9sultats, en nous inscrivant dans une d\u00e9marche de recherche intervention par le co-design (RICO-D) (Zacklad &amp; Catoir 2021), des participants volontaires ont \u00e9t\u00e9 invit\u00e9s \u00e0 concevoir en ateliers par eux-m\u00eames des outils de communication plus responsabilisant et potentiellement respectueux de leur capacit\u00e9 d\u2019analyse de l\u2019information et de r\u00e9flexion&nbsp;:<\/p>\n\n\n\n<p>Plusieurs ateliers ont \u00e9t\u00e9 men\u00e9s  (Lors des ateliers plusieurs groupes de travail ont \u00e9t\u00e9 constitu\u00e9s ) :<\/p>\n\n\n\n<ul><li>Atelier avec les \u00e9tudiants du Master 1 Transition num\u00e9rique et innovation collaborative du CNAM (8 avril 2022)<\/li><li>Atelier avec les \u00e9tudiants<strong>&nbsp;<\/strong>du Master 2 Transition num\u00e9rique et codesign du CNAM (12 avril 2022)<\/li><li>Atelier avec les \u00e9tudiants du Master 1 Communication, innovation et planning strat\u00e9gique du Lyc\u00e9e Jean-Lur\u00e7at (15 avril 2022)<\/li><li>Atelier avec les \u00e9tudiants du Master 2 Communication, innovation et planning strat\u00e9gique du Lyc\u00e9e Jean-Lur\u00e7at (15 avril 2022)<\/li><\/ul>\n","protected":false},"excerpt":{"rendered":"<p>M\u00e9thodologie La m\u00e9thodologie d\u2019enqu\u00eate s\u2019appuie sur une exploration assez large des v\u00e9cus des citoyens face \u00e0 la crise sanitaire et, de ces effets selon les modalit\u00e9s de communication en sant\u00e9 \u00e0 destination des publics. La recherche s\u2019est principalement focalis\u00e9e sur<\/p>\n","protected":false},"author":4,"featured_media":0,"parent":0,"menu_order":2,"comment_status":"closed","ping_status":"closed","template":"","meta":{"om_disable_all_campaigns":false,"_monsterinsights_skip_tracking":false,"_monsterinsights_sitenote_active":false,"_monsterinsights_sitenote_note":"","_monsterinsights_sitenote_category":0},"_links":{"self":[{"href":"http:\/\/information-crise-sanitaire.ricod.net\/index.php\/wp-json\/wp\/v2\/pages\/1017"}],"collection":[{"href":"http:\/\/information-crise-sanitaire.ricod.net\/index.php\/wp-json\/wp\/v2\/pages"}],"about":[{"href":"http:\/\/information-crise-sanitaire.ricod.net\/index.php\/wp-json\/wp\/v2\/types\/page"}],"author":[{"embeddable":true,"href":"http:\/\/information-crise-sanitaire.ricod.net\/index.php\/wp-json\/wp\/v2\/users\/4"}],"replies":[{"embeddable":true,"href":"http:\/\/information-crise-sanitaire.ricod.net\/index.php\/wp-json\/wp\/v2\/comments?post=1017"}],"version-history":[{"count":11,"href":"http:\/\/information-crise-sanitaire.ricod.net\/index.php\/wp-json\/wp\/v2\/pages\/1017\/revisions"}],"predecessor-version":[{"id":1964,"href":"http:\/\/information-crise-sanitaire.ricod.net\/index.php\/wp-json\/wp\/v2\/pages\/1017\/revisions\/1964"}],"wp:attachment":[{"href":"http:\/\/information-crise-sanitaire.ricod.net\/index.php\/wp-json\/wp\/v2\/media?parent=1017"}],"curies":[{"name":"wp","href":"https:\/\/api.w.org\/{rel}","templated":true}]}}